{"id":14027,"date":"2026-03-09T11:45:49","date_gmt":"2026-03-09T10:45:49","guid":{"rendered":"https:\/\/www.btecsystems.de\/de\/?page_id=14027"},"modified":"2026-03-16T15:40:23","modified_gmt":"2026-03-16T14:40:23","slug":"kurzanleitung","status":"publish","type":"page","link":"https:\/\/www.btecsystems.de\/en\/kurzanleitung\/","title":{"rendered":"Kurzanleitungen \u2013 Quick Reference Guides"},"content":{"rendered":"\n<div class=\"wp-block-columns is-layout-flex wp-container-core-columns-is-layout-9d6595d7 wp-block-columns-is-layout-flex\">\n<div class=\"wp-block-column is-layout-flow wp-block-column-is-layout-flow\">\n<h2 class=\"wp-block-heading\">Kurzanleitungen<\/h2>\n\n\n\n<p>Kurze, schrittweise Anleitungen f\u00fcr die Einrichtung, Installation und Verwendung von B-TEC-Produkten. (Kein Ersatz f\u00fcr die jedem einzelnen Produkt beiliegende Betriebsanleitung.)<\/p>\n\n\n\n<h3 class=\"wp-block-heading has-red-color has-text-color has-link-color wp-elements-cf2a48b527dcd343d1dd1aa8a62d949a\">Anleitungsvideos folgen in K\u00fcrze!<\/h3>\n<\/div>\n\n\n\n<div class=\"wp-block-column is-layout-flow wp-block-column-is-layout-flow\">\n<h2 class=\"wp-block-heading\"><em>Quick Reference Guides<\/em><\/h2>\n\n\n\n<p><em>Short, step-by-step guides for the setup, installation and use of B-TEC products. (Not a substitute for the operating instructions supplied with each individual product.<\/em>)<\/p>\n\n\n\n<h3 class=\"wp-block-heading has-red-color has-text-color has-link-color wp-elements-5879a854873436fb94038aa8d15e25ab\"><em>Instructional videos coming soon!<\/em><\/h3>\n<\/div>\n<\/div>\n\n\n\n<div style=\"height:100px\" aria-hidden=\"true\" class=\"wp-block-spacer\"><\/div>\n","protected":false},"excerpt":{"rendered":"<p>Kurzanleitungen Kurze, schrittweise Anleitungen f\u00fcr die Einrichtung, Installation und Verwendung von B-TEC-Produkten. (Kein Ersatz f\u00fcr die jedem einzelnen Produkt beiliegende Betriebsanleitung.) Anleitungsvideos folgen in K\u00fcrze! Quick Reference Guides Short, step-by-step guides for the setup, installation and use of B-TEC products. (Not a substitute for the operating instructions supplied with each individual product.) Instructional videos coming [&hellip;]<\/p>\n","protected":false},"author":4,"featured_media":0,"parent":0,"menu_order":0,"comment_status":"closed","ping_status":"closed","template":"","meta":{"footnotes":""},"class_list":["post-14027","page","type-page","status-publish","hentry"],"_links":{"self":[{"href":"https:\/\/www.btecsystems.de\/en\/wp-json\/wp\/v2\/pages\/14027","targetHints":{"allow":["GET"]}}],"collection":[{"href":"https:\/\/www.btecsystems.de\/en\/wp-json\/wp\/v2\/pages"}],"about":[{"href":"https:\/\/www.btecsystems.de\/en\/wp-json\/wp\/v2\/types\/page"}],"author":[{"embeddable":true,"href":"https:\/\/www.btecsystems.de\/en\/wp-json\/wp\/v2\/users\/4"}],"replies":[{"embeddable":true,"href":"https:\/\/www.btecsystems.de\/en\/wp-json\/wp\/v2\/comments?post=14027"}],"version-history":[{"count":39,"href":"https:\/\/www.btecsystems.de\/en\/wp-json\/wp\/v2\/pages\/14027\/revisions"}],"predecessor-version":[{"id":14072,"href":"https:\/\/www.btecsystems.de\/en\/wp-json\/wp\/v2\/pages\/14027\/revisions\/14072"}],"wp:attachment":[{"href":"https:\/\/www.btecsystems.de\/en\/wp-json\/wp\/v2\/media?parent=14027"}],"curies":[{"name":"wp","href":"https:\/\/api.w.org\/{rel}","templated":true}]}}